{"id":191,"date":"2024-03-13T21:48:00","date_gmt":"2024-03-13T20:48:00","guid":{"rendered":"https:\/\/chateau-visz.com\/fooldal\/"},"modified":"2024-03-27T14:50:47","modified_gmt":"2024-03-27T13:50:47","slug":"fooldal","status":"publish","type":"page","link":"https:\/\/chateau-visz.com\/de\/","title":{"rendered":"Ch\u00e2teau Visz"},"content":{"rendered":"<h3 style=\"text-align: center;\">Luxus und Eleganz am Balaton<\/h3>\n<table>\n<tbody>\n<tr>\n<td width=\"45%\">Minuten lang durch die sanften H\u00e4nge des Somogyer H\u00fcgellandes, dann werden wir von der romantischen Ortschaft Visz empfangen. Das idillyische Dorf grenzt an den Parkwald des Schlosses. Wir fahren an den majest\u00e4tischen B\u00e4umen der Urlandschaft und den auf D\u00fcnen angebauten Weing\u00e4rten entlang, bis wir im C\u00e2teau Visz, das eine Autostunde von Budapest entfernt liegt, ankommen.<\/p>\n<p>Der Herrensitz ruft einem die Welt des Erbauers, Graf Jankovich, in Erinnerung: er m\u00f6chte etwas von den prunkvollen Empf\u00e4ngen des ausgehenden 19. Jahrhunderts wieder aufscheinen lassen. Das Schlosshotel ist von Eleganz und Luxus gepr\u00e4gt. Seine mit grosser Sorgfalt ausgew\u00e4hlte und gestaltete Einrichtung beschw\u00f6rt die Atmosph\u00e4re der Jahrhundertwende herauf, wobei die technischen Einrichtungen des 21. Jahrhunderts so gut wie unsichtbar f\u00fcr eine vollkommende Behaglichkeit sorgen. In diesem herrlichen Ambiente, bei gef\u00e4lligen Gastlichkeit, k\u00f6nnen wir in unser wahres Selbst versinken. Wir haben die M\u00f6glichkeit, uns Zeit und Raum f\u00fcrs Innehalten, f\u00fcr die Erholung und Einsicht zu gew\u00e4hren.<\/td>\n<td width=\"10%\"><\/td>\n<td width=\"45%\">Wir k\u00f6nnen uns entspannen und neu aufladen, neuen Schwung bekommen.<\/p>\n<p>Das luxus Hotel ist ein gastronomisches Zentrum am Balaton. Ch\u00e2teau Visz, das Gourmet Restaurant &#8211; eine Autostunde von Budapest entfernt \u2013 ist das Restaurant des Jahres laut Dining Guide 2010. Der K\u00fcchenchef der Gourmet K\u00fcche erwartet Ihre G\u00e4ste t\u00e4glich mit einzigartigen kulinarischen Erlebnisse.<\/p>\n<p>Die W\u00e4nde der dreizehn Suiten zieren Gem\u00e4lde ungarischer Maler aus den ersten Jahrzehnten des 20. Jahrhunderts.<\/p>\n<p>Das luxus Schlosshotel wird von einem 45 Hektar grossen englischen Garten umgeben, und befindet sich in einem der reichsten und gr\u00f6ssten Jagdgebiete Ungarns.<\/p>\n<p>Die Liebhaber der aktiven Entspannung k\u00f6nnen in der N\u00e4he aus viele verschiedene Programme w\u00e4hlen, Segeln im Yachthafen in Balatonlelle, oder an eine Reittour teilnehmen.<\/td>\n<\/tr>\n<\/tbody>\n<\/table>\n","protected":false},"excerpt":{"rendered":"Luxus und Eleganz am Balaton Minuten lang durch die sanften H\u00e4nge des Somogyer H\u00fcgellandes, dann werden wir von der romantischen Ortschaft Visz empfangen. Das idillyische Dorf grenzt an den Parkwald des Schlosses. Wir fahren an den majest\u00e4tischen B\u00e4umen der Urlandschaft und den auf D\u00fcnen angebauten Weing\u00e4rten entlang, bis wir im C\u00e2teau Visz, das eine Autostunde&#8230;","protected":false},"author":1,"featured_media":189,"parent":0,"menu_order":0,"comment_status":"closed","ping_status":"closed","template":"template-home.php","meta":{"_acf_changed":false,"footnotes":""},"class_list":["post-191","page","type-page","status-publish","has-post-thumbnail","hentry"],"acf":[],"yoast_head":"<!-- This site is optimized with the Yoast SEO plugin v24.9 - https:\/\/yoast.com\/wordpress\/plugins\/seo\/ -->\n<title>Hauptseite - ChateauVisz<\/title>\n<meta name=\"description\" content=\"Verw\u00f6hnen Sie sich in einer Oase von Luxus und Eleganz am Plattensee! Das Chateau Visz bietet einen unvergleichbaren Service und eine erlesene Gourmetk\u00fcche.\" \/>\n<meta name=\"robots\" content=\"index, follow, max-snippet:-1, max-image-preview:large, max-video-preview:-1\" \/>\n<link rel=\"canonical\" href=\"https:\/\/chateau-visz.com\/de\/\" \/>\n<meta property=\"og:locale\" content=\"de_DE\" \/>\n<meta property=\"og:type\" content=\"article\" \/>\n<meta property=\"og:title\" content=\"Hauptseite - ChateauVisz\" \/>\n<meta property=\"og:description\" content=\"Verw\u00f6hnen Sie sich in einer Oase von Luxus und Eleganz am Plattensee! Das Chateau Visz bietet einen unvergleichbaren Service und eine erlesene Gourmetk\u00fcche.\" \/>\n<meta property=\"og:url\" content=\"https:\/\/chateau-visz.com\/de\/\" \/>\n<meta property=\"og:site_name\" content=\"ChateauVisz\" \/>\n<meta property=\"article:modified_time\" content=\"2024-03-27T13:50:47+00:00\" \/>\n<meta property=\"og:image\" content=\"https:\/\/chateau-visz.com\/wp-content\/uploads\/2024\/03\/chateauvisz-hotel-chateau-visz-2.jpg\" \/>\n\t<meta property=\"og:image:width\" content=\"1920\" \/>\n\t<meta property=\"og:image:height\" content=\"1280\" \/>\n\t<meta property=\"og:image:type\" content=\"image\/jpeg\" \/>\n<meta name=\"twitter:card\" content=\"summary_large_image\" \/>\n<meta name=\"twitter:label1\" content=\"Est. reading time\" \/>\n\t<meta name=\"twitter:data1\" content=\"2 minutes\" \/>\n<script type=\"application\/ld+json\" class=\"yoast-schema-graph\">{\"@context\":\"https:\/\/schema.org\",\"@graph\":[{\"@type\":\"WebPage\",\"@id\":\"https:\/\/chateau-visz.com\/de\/\",\"url\":\"https:\/\/chateau-visz.com\/de\/\",\"name\":\"Hauptseite - ChateauVisz\",\"isPartOf\":{\"@id\":\"https:\/\/chateau-visz.com\/#website\"},\"primaryImageOfPage\":{\"@id\":\"https:\/\/chateau-visz.com\/de\/#primaryimage\"},\"image\":{\"@id\":\"https:\/\/chateau-visz.com\/de\/#primaryimage\"},\"thumbnailUrl\":\"https:\/\/chateau-visz.com\/wp-content\/uploads\/2024\/03\/chateauvisz-hotel-chateau-visz-2.jpg\",\"datePublished\":\"2024-03-13T20:48:00+00:00\",\"dateModified\":\"2024-03-27T13:50:47+00:00\",\"description\":\"Verw\u00f6hnen Sie sich in einer Oase von Luxus und Eleganz am Plattensee! Das Chateau Visz bietet einen unvergleichbaren Service und eine erlesene Gourmetk\u00fcche.\",\"inLanguage\":\"de-DE\",\"potentialAction\":[{\"@type\":\"ReadAction\",\"target\":[\"https:\/\/chateau-visz.com\/de\/\"]}]},{\"@type\":\"ImageObject\",\"inLanguage\":\"de-DE\",\"@id\":\"https:\/\/chateau-visz.com\/de\/#primaryimage\",\"url\":\"https:\/\/chateau-visz.com\/wp-content\/uploads\/2024\/03\/chateauvisz-hotel-chateau-visz-2.jpg\",\"contentUrl\":\"https:\/\/chateau-visz.com\/wp-content\/uploads\/2024\/03\/chateauvisz-hotel-chateau-visz-2.jpg\",\"width\":1920,\"height\":1280},{\"@type\":\"WebSite\",\"@id\":\"https:\/\/chateau-visz.com\/#website\",\"url\":\"https:\/\/chateau-visz.com\/\",\"name\":\"ChateauVisz\",\"description\":\"\",\"potentialAction\":[{\"@type\":\"SearchAction\",\"target\":{\"@type\":\"EntryPoint\",\"urlTemplate\":\"https:\/\/chateau-visz.com\/?s={search_term_string}\"},\"query-input\":{\"@type\":\"PropertyValueSpecification\",\"valueRequired\":true,\"valueName\":\"search_term_string\"}}],\"inLanguage\":\"de-DE\"}]}<\/script>\n<!-- \/ Yoast SEO plugin. -->","yoast_head_json":{"title":"Hauptseite - ChateauVisz","description":"Verw\u00f6hnen Sie sich in einer Oase von Luxus und Eleganz am Plattensee! Das Chateau Visz bietet einen unvergleichbaren Service und eine erlesene Gourmetk\u00fcche.","robots":{"index":"index","follow":"follow","max-snippet":"max-snippet:-1","max-image-preview":"max-image-preview:large","max-video-preview":"max-video-preview:-1"},"canonical":"https:\/\/chateau-visz.com\/de\/","og_locale":"de_DE","og_type":"article","og_title":"Hauptseite - ChateauVisz","og_description":"Verw\u00f6hnen Sie sich in einer Oase von Luxus und Eleganz am Plattensee! Das Chateau Visz bietet einen unvergleichbaren Service und eine erlesene Gourmetk\u00fcche.","og_url":"https:\/\/chateau-visz.com\/de\/","og_site_name":"ChateauVisz","article_modified_time":"2024-03-27T13:50:47+00:00","og_image":[{"width":1920,"height":1280,"url":"https:\/\/chateau-visz.com\/wp-content\/uploads\/2024\/03\/chateauvisz-hotel-chateau-visz-2.jpg","type":"image\/jpeg"}],"twitter_card":"summary_large_image","twitter_misc":{"Est. reading time":"2 minutes"},"schema":{"@context":"https:\/\/schema.org","@graph":[{"@type":"WebPage","@id":"https:\/\/chateau-visz.com\/de\/","url":"https:\/\/chateau-visz.com\/de\/","name":"Hauptseite - ChateauVisz","isPartOf":{"@id":"https:\/\/chateau-visz.com\/#website"},"primaryImageOfPage":{"@id":"https:\/\/chateau-visz.com\/de\/#primaryimage"},"image":{"@id":"https:\/\/chateau-visz.com\/de\/#primaryimage"},"thumbnailUrl":"https:\/\/chateau-visz.com\/wp-content\/uploads\/2024\/03\/chateauvisz-hotel-chateau-visz-2.jpg","datePublished":"2024-03-13T20:48:00+00:00","dateModified":"2024-03-27T13:50:47+00:00","description":"Verw\u00f6hnen Sie sich in einer Oase von Luxus und Eleganz am Plattensee! Das Chateau Visz bietet einen unvergleichbaren Service und eine erlesene Gourmetk\u00fcche.","inLanguage":"de-DE","potentialAction":[{"@type":"ReadAction","target":["https:\/\/chateau-visz.com\/de\/"]}]},{"@type":"ImageObject","inLanguage":"de-DE","@id":"https:\/\/chateau-visz.com\/de\/#primaryimage","url":"https:\/\/chateau-visz.com\/wp-content\/uploads\/2024\/03\/chateauvisz-hotel-chateau-visz-2.jpg","contentUrl":"https:\/\/chateau-visz.com\/wp-content\/uploads\/2024\/03\/chateauvisz-hotel-chateau-visz-2.jpg","width":1920,"height":1280},{"@type":"WebSite","@id":"https:\/\/chateau-visz.com\/#website","url":"https:\/\/chateau-visz.com\/","name":"ChateauVisz","description":"","potentialAction":[{"@type":"SearchAction","target":{"@type":"EntryPoint","urlTemplate":"https:\/\/chateau-visz.com\/?s={search_term_string}"},"query-input":{"@type":"PropertyValueSpecification","valueRequired":true,"valueName":"search_term_string"}}],"inLanguage":"de-DE"}]}},"_links":{"self":[{"href":"https:\/\/chateau-visz.com\/de\/wp-json\/wp\/v2\/pages\/191","targetHints":{"allow":["GET"]}}],"collection":[{"href":"https:\/\/chateau-visz.com\/de\/wp-json\/wp\/v2\/pages"}],"about":[{"href":"https:\/\/chateau-visz.com\/de\/wp-json\/wp\/v2\/types\/page"}],"author":[{"embeddable":true,"href":"https:\/\/chateau-visz.com\/de\/wp-json\/wp\/v2\/users\/1"}],"replies":[{"embeddable":true,"href":"https:\/\/chateau-visz.com\/de\/wp-json\/wp\/v2\/comments?post=191"}],"version-history":[{"count":0,"href":"https:\/\/chateau-visz.com\/de\/wp-json\/wp\/v2\/pages\/191\/revisions"}],"wp:featuredmedia":[{"embeddable":true,"href":"https:\/\/chateau-visz.com\/de\/wp-json\/wp\/v2\/media\/189"}],"wp:attachment":[{"href":"https:\/\/chateau-visz.com\/de\/wp-json\/wp\/v2\/media?parent=191"}],"curies":[{"name":"wp","href":"https:\/\/api.w.org\/{rel}","templated":true}]}}