{"id":202,"date":"2024-03-14T23:05:01","date_gmt":"2024-03-14T22:05:01","guid":{"rendered":"https:\/\/chateau-visz.com\/hotel\/"},"modified":"2024-03-21T20:55:13","modified_gmt":"2024-03-21T19:55:13","slug":"hotel","status":"publish","type":"page","link":"https:\/\/chateau-visz.com\/de\/hotel\/","title":{"rendered":"Hotel"},"content":{"rendered":"<h2 style=\"text-align: center;\">Eine Stunde von Budapest entfernt<\/h2>\n<table>\n<tbody>\n<tr>\n<td width=\"45%\">Zw\u00f6lf Suiten und individuell gestaltete Zimmer, sowie eine Behinderten-Suite erwarten die sich nach Erholung sehnenden G\u00e4ste. Die Suiten wollen mit ihrer Eleganz den einstigen herrschaftlichen G\u00e4sten gerecht werden. Ein Grossteil der Einrichtung ist die Arbeit von Handwerkern aus Siebenb\u00fcrgen. Diese von hoher Handwerkskunst zeugenden Einrichtungsst\u00fccke werden durch antike M\u00f6bel erg\u00e4nzt. Die Gem\u00e4lde ungarischer Maler aus den ersten Jahrzehnten des 20. Jahrhunderts zieren die W\u00e4nde. Die Zimmer wurden nach den K\u00fcnstlern benannt. Die bis ins kleinste Detail gestaltete Umgebung l\u00e4dt die G\u00e4ste auf eine Zeitreise in die Vergangenheit, wobei das Personal des Luxushotels fast unbemerkt f\u00fcr die perfekte Entspannung sorgt.<\/td>\n<td width=\"10%\"><\/td>\n<td width=\"45%\">Man kann zwischen Suiten zwei Kathegorien w\u00e4hlen: die Luxus-Suiten befinden sich im ersten Stock. Im Schlo\u00dfturm sind die exklusive Suiten zu finden. \u00a0Die Zimmer sind mit gro\u00dfen Doppelbetten, sowie mit Telefon, Satelliten-TV, Minibar und WIFI ausgestattet. Gro\u00dfe Badewanne \u2013 au\u00dfer der Behinderten Suite \u2013 und Haartrockner, Hausschuhe und Badem\u00e4ntel lassen in den Badezimmern keine W\u00fcnsche offen.<\/p>\n<p>F\u00fcr das k\u00f6rperliche Wohl sorgt die SPA Landschaft des Schlosshotels. Fitnessraum, Massage-Salon, Sauna und Hallenbad mit direkten Zugang zur Sonnenterasse bietet das perfekte Wellness-Erlebniss.<\/td>\n<\/tr>\n<\/tbody>\n<\/table>\n","protected":false},"excerpt":{"rendered":"Eine Stunde von Budapest entfernt Zw\u00f6lf Suiten und individuell gestaltete Zimmer, sowie eine Behinderten-Suite erwarten die sich nach Erholung sehnenden G\u00e4ste. Die Suiten wollen mit ihrer Eleganz den einstigen herrschaftlichen G\u00e4sten gerecht werden. Ein Grossteil der Einrichtung ist die Arbeit von Handwerkern aus Siebenb\u00fcrgen. Diese von hoher Handwerkskunst zeugenden Einrichtungsst\u00fccke werden durch antike M\u00f6bel erg\u00e4nzt&#8230;.","protected":false},"author":1,"featured_media":189,"parent":0,"menu_order":0,"comment_status":"closed","ping_status":"closed","template":"hotel-template.php","meta":{"_acf_changed":false,"footnotes":""},"class_list":["post-202","page","type-page","status-publish","has-post-thumbnail","hentry"],"acf":[],"yoast_head":"<!-- This site is optimized with the Yoast SEO plugin v24.9 - https:\/\/yoast.com\/wordpress\/plugins\/seo\/ -->\n<title>Hotel - ChateauVisz<\/title>\n<meta name=\"robots\" content=\"index, follow, max-snippet:-1, max-image-preview:large, max-video-preview:-1\" \/>\n<link rel=\"canonical\" href=\"https:\/\/chateau-visz.com\/de\/hotel\/\" \/>\n<meta property=\"og:locale\" content=\"de_DE\" \/>\n<meta property=\"og:type\" content=\"article\" \/>\n<meta property=\"og:title\" content=\"Hotel - ChateauVisz\" \/>\n<meta property=\"og:description\" content=\"Eine Stunde von Budapest entfernt Zw\u00f6lf Suiten und individuell gestaltete Zimmer, sowie eine Behinderten-Suite erwarten die sich nach Erholung sehnenden G\u00e4ste. Die Suiten wollen mit ihrer Eleganz den einstigen herrschaftlichen G\u00e4sten gerecht werden. Ein Grossteil der Einrichtung ist die Arbeit von Handwerkern aus Siebenb\u00fcrgen. Diese von hoher Handwerkskunst zeugenden Einrichtungsst\u00fccke werden durch antike M\u00f6bel erg\u00e4nzt....\" \/>\n<meta property=\"og:url\" content=\"https:\/\/chateau-visz.com\/de\/hotel\/\" \/>\n<meta property=\"og:site_name\" content=\"ChateauVisz\" \/>\n<meta property=\"article:modified_time\" content=\"2024-03-21T19:55:13+00:00\" \/>\n<meta property=\"og:image\" content=\"https:\/\/chateau-visz.com\/wp-content\/uploads\/2024\/03\/chateauvisz-hotel-chateau-visz-2.jpg\" \/>\n\t<meta property=\"og:image:width\" content=\"1920\" \/>\n\t<meta property=\"og:image:height\" content=\"1280\" \/>\n\t<meta property=\"og:image:type\" content=\"image\/jpeg\" \/>\n<meta name=\"twitter:card\" content=\"summary_large_image\" \/>\n<meta name=\"twitter:label1\" content=\"Est. reading time\" \/>\n\t<meta name=\"twitter:data1\" content=\"2 minutes\" \/>\n<script type=\"application\/ld+json\" class=\"yoast-schema-graph\">{\"@context\":\"https:\/\/schema.org\",\"@graph\":[{\"@type\":\"WebPage\",\"@id\":\"https:\/\/chateau-visz.com\/de\/hotel\/\",\"url\":\"https:\/\/chateau-visz.com\/de\/hotel\/\",\"name\":\"Hotel - ChateauVisz\",\"isPartOf\":{\"@id\":\"https:\/\/chateau-visz.com\/#website\"},\"primaryImageOfPage\":{\"@id\":\"https:\/\/chateau-visz.com\/de\/hotel\/#primaryimage\"},\"image\":{\"@id\":\"https:\/\/chateau-visz.com\/de\/hotel\/#primaryimage\"},\"thumbnailUrl\":\"https:\/\/chateau-visz.com\/wp-content\/uploads\/2024\/03\/chateauvisz-hotel-chateau-visz-2.jpg\",\"datePublished\":\"2024-03-14T22:05:01+00:00\",\"dateModified\":\"2024-03-21T19:55:13+00:00\",\"inLanguage\":\"de-DE\",\"potentialAction\":[{\"@type\":\"ReadAction\",\"target\":[\"https:\/\/chateau-visz.com\/de\/hotel\/\"]}]},{\"@type\":\"ImageObject\",\"inLanguage\":\"de-DE\",\"@id\":\"https:\/\/chateau-visz.com\/de\/hotel\/#primaryimage\",\"url\":\"https:\/\/chateau-visz.com\/wp-content\/uploads\/2024\/03\/chateauvisz-hotel-chateau-visz-2.jpg\",\"contentUrl\":\"https:\/\/chateau-visz.com\/wp-content\/uploads\/2024\/03\/chateauvisz-hotel-chateau-visz-2.jpg\",\"width\":1920,\"height\":1280},{\"@type\":\"WebSite\",\"@id\":\"https:\/\/chateau-visz.com\/#website\",\"url\":\"https:\/\/chateau-visz.com\/\",\"name\":\"ChateauVisz\",\"description\":\"\",\"potentialAction\":[{\"@type\":\"SearchAction\",\"target\":{\"@type\":\"EntryPoint\",\"urlTemplate\":\"https:\/\/chateau-visz.com\/?s={search_term_string}\"},\"query-input\":{\"@type\":\"PropertyValueSpecification\",\"valueRequired\":true,\"valueName\":\"search_term_string\"}}],\"inLanguage\":\"de-DE\"}]}<\/script>\n<!-- \/ Yoast SEO plugin. -->","yoast_head_json":{"title":"Hotel - ChateauVisz","robots":{"index":"index","follow":"follow","max-snippet":"max-snippet:-1","max-image-preview":"max-image-preview:large","max-video-preview":"max-video-preview:-1"},"canonical":"https:\/\/chateau-visz.com\/de\/hotel\/","og_locale":"de_DE","og_type":"article","og_title":"Hotel - ChateauVisz","og_description":"Eine Stunde von Budapest entfernt Zw\u00f6lf Suiten und individuell gestaltete Zimmer, sowie eine Behinderten-Suite erwarten die sich nach Erholung sehnenden G\u00e4ste. Die Suiten wollen mit ihrer Eleganz den einstigen herrschaftlichen G\u00e4sten gerecht werden. Ein Grossteil der Einrichtung ist die Arbeit von Handwerkern aus Siebenb\u00fcrgen. Diese von hoher Handwerkskunst zeugenden Einrichtungsst\u00fccke werden durch antike M\u00f6bel erg\u00e4nzt....","og_url":"https:\/\/chateau-visz.com\/de\/hotel\/","og_site_name":"ChateauVisz","article_modified_time":"2024-03-21T19:55:13+00:00","og_image":[{"width":1920,"height":1280,"url":"https:\/\/chateau-visz.com\/wp-content\/uploads\/2024\/03\/chateauvisz-hotel-chateau-visz-2.jpg","type":"image\/jpeg"}],"twitter_card":"summary_large_image","twitter_misc":{"Est. reading time":"2 minutes"},"schema":{"@context":"https:\/\/schema.org","@graph":[{"@type":"WebPage","@id":"https:\/\/chateau-visz.com\/de\/hotel\/","url":"https:\/\/chateau-visz.com\/de\/hotel\/","name":"Hotel - ChateauVisz","isPartOf":{"@id":"https:\/\/chateau-visz.com\/#website"},"primaryImageOfPage":{"@id":"https:\/\/chateau-visz.com\/de\/hotel\/#primaryimage"},"image":{"@id":"https:\/\/chateau-visz.com\/de\/hotel\/#primaryimage"},"thumbnailUrl":"https:\/\/chateau-visz.com\/wp-content\/uploads\/2024\/03\/chateauvisz-hotel-chateau-visz-2.jpg","datePublished":"2024-03-14T22:05:01+00:00","dateModified":"2024-03-21T19:55:13+00:00","inLanguage":"de-DE","potentialAction":[{"@type":"ReadAction","target":["https:\/\/chateau-visz.com\/de\/hotel\/"]}]},{"@type":"ImageObject","inLanguage":"de-DE","@id":"https:\/\/chateau-visz.com\/de\/hotel\/#primaryimage","url":"https:\/\/chateau-visz.com\/wp-content\/uploads\/2024\/03\/chateauvisz-hotel-chateau-visz-2.jpg","contentUrl":"https:\/\/chateau-visz.com\/wp-content\/uploads\/2024\/03\/chateauvisz-hotel-chateau-visz-2.jpg","width":1920,"height":1280},{"@type":"WebSite","@id":"https:\/\/chateau-visz.com\/#website","url":"https:\/\/chateau-visz.com\/","name":"ChateauVisz","description":"","potentialAction":[{"@type":"SearchAction","target":{"@type":"EntryPoint","urlTemplate":"https:\/\/chateau-visz.com\/?s={search_term_string}"},"query-input":{"@type":"PropertyValueSpecification","valueRequired":true,"valueName":"search_term_string"}}],"inLanguage":"de-DE"}]}},"_links":{"self":[{"href":"https:\/\/chateau-visz.com\/de\/wp-json\/wp\/v2\/pages\/202","targetHints":{"allow":["GET"]}}],"collection":[{"href":"https:\/\/chateau-visz.com\/de\/wp-json\/wp\/v2\/pages"}],"about":[{"href":"https:\/\/chateau-visz.com\/de\/wp-json\/wp\/v2\/types\/page"}],"author":[{"embeddable":true,"href":"https:\/\/chateau-visz.com\/de\/wp-json\/wp\/v2\/users\/1"}],"replies":[{"embeddable":true,"href":"https:\/\/chateau-visz.com\/de\/wp-json\/wp\/v2\/comments?post=202"}],"version-history":[{"count":0,"href":"https:\/\/chateau-visz.com\/de\/wp-json\/wp\/v2\/pages\/202\/revisions"}],"wp:featuredmedia":[{"embeddable":true,"href":"https:\/\/chateau-visz.com\/de\/wp-json\/wp\/v2\/media\/189"}],"wp:attachment":[{"href":"https:\/\/chateau-visz.com\/de\/wp-json\/wp\/v2\/media?parent=202"}],"curies":[{"name":"wp","href":"https:\/\/api.w.org\/{rel}","templated":true}]}}