{"id":208,"date":"2024-03-14T23:05:44","date_gmt":"2024-03-14T22:05:44","guid":{"rendered":"https:\/\/chateau-visz.com\/gourmet-etterem\/"},"modified":"2024-03-20T15:29:52","modified_gmt":"2024-03-20T14:29:52","slug":"gourmet-restaurant","status":"publish","type":"page","link":"https:\/\/chateau-visz.com\/de\/gourmet-restaurant\/","title":{"rendered":"Gourmet Restaurant"},"content":{"rendered":"<table>\n<tbody>\n<tr>\n<td width=\"45%\">Die Kochkunst des Meisterkochs der Gourmet K\u00fcche des Schlosshotels,die K\u00fcchenchef fasziniert seit Jahren die Liebhaber der Kulinaria. Er plant seine Men\u00fcs als Kunstwerke: in seine kulinarischen Sch\u00f6pfungen spielt all das, was wir schmecken, riechen, sehen und h\u00f6ren, eine gro\u00dfe Rolle. Er l\u00e4\u00dft sich von der traditionellen ungarischen K\u00fcche inspirieren und l\u00e4dt Tag f\u00fcr Tag auf neue kulinarsche Erlebnissreisen ein. Regionalit\u00e4t und Seasonalit\u00e4t pr\u00e4gt die Kochkunst des Meisterkochs. Die 7-G\u00e4nge Men\u00fcs werden mit Zutaten von h\u00f6chster Qualit\u00e4t aus der Region komponiert. Die frische Kr\u00e4uter und essbare Blumen kommen aus dem Kr\u00e4utergarten des Schlosshotels. Der Meisterkoch interpretiert die traditionelle ungarische K\u00fcche mit der Hilfe der Molekulartechnologie neu.<\/td>\n<td width=\"10%\"><\/td>\n<td width=\"45%\">Die modernste Ausr\u00fcstung leistet ihm dabei Hilfe. Zu den einzigartigen Degustationsmen\u00fcs und Speisekompositionen serviert der Somelier des Gourmet Restaurants ausgezeichnete Weine der besten Kellereien der Gegend.<\/p>\n<p>Das Gourmet Restaurant ist eine Autostunde von Budapest entfernt und bietet unvergessliche kulinarische Erlebnisse. Die Philosophie des Meisterkochs ist: Experimentieren, die einfache, direkte Wege suchen, die traditionelle Speisen in ihrer Elemente zerlegen und dann in ganz neuer Form zusammenstellen. \u201eKopiere nicht, nicht einmal dich selbst\u201d \u2013 sagt der Meisterkoch des Gourmet Restaurants.<\/p>\n<p>Ch\u00e2teau Visz, das Restaurant des Jahres laut Dining Guide 2010.<\/td>\n<\/tr>\n<\/tbody>\n<\/table>\n<h3><strong>\u00d6ffnungszeiten<\/strong> <strong>der K\u00fcche:<\/strong><\/h3>\n<p>01. Oktober bis 31. Mai<br \/>\nNach anmeldung<\/p>\n","protected":false},"excerpt":{"rendered":"Die Kochkunst des Meisterkochs der Gourmet K\u00fcche des Schlosshotels,die K\u00fcchenchef fasziniert seit Jahren die Liebhaber der Kulinaria. Er plant seine Men\u00fcs als Kunstwerke: in seine kulinarischen Sch\u00f6pfungen spielt all das, was wir schmecken, riechen, sehen und h\u00f6ren, eine gro\u00dfe Rolle. Er l\u00e4\u00dft sich von der traditionellen ungarischen K\u00fcche inspirieren und l\u00e4dt Tag f\u00fcr Tag auf&#8230;","protected":false},"author":1,"featured_media":141,"parent":0,"menu_order":0,"comment_status":"closed","ping_status":"closed","template":"restaurant-template.php","meta":{"_acf_changed":false,"footnotes":""},"class_list":["post-208","page","type-page","status-publish","has-post-thumbnail","hentry"],"acf":[],"yoast_head":"<!-- This site is optimized with the Yoast SEO plugin v24.9 - https:\/\/yoast.com\/wordpress\/plugins\/seo\/ -->\n<title>Gourmet Restaurant - ChateauVisz<\/title>\n<meta name=\"robots\" content=\"index, follow, max-snippet:-1, max-image-preview:large, max-video-preview:-1\" \/>\n<link rel=\"canonical\" href=\"https:\/\/chateau-visz.com\/de\/gourmet-restaurant\/\" \/>\n<meta property=\"og:locale\" content=\"de_DE\" \/>\n<meta property=\"og:type\" content=\"article\" \/>\n<meta property=\"og:title\" content=\"Gourmet Restaurant - ChateauVisz\" \/>\n<meta property=\"og:description\" content=\"Die Kochkunst des Meisterkochs der Gourmet K\u00fcche des Schlosshotels,die K\u00fcchenchef fasziniert seit Jahren die Liebhaber der Kulinaria. Er plant seine Men\u00fcs als Kunstwerke: in seine kulinarischen Sch\u00f6pfungen spielt all das, was wir schmecken, riechen, sehen und h\u00f6ren, eine gro\u00dfe Rolle. Er l\u00e4\u00dft sich von der traditionellen ungarischen K\u00fcche inspirieren und l\u00e4dt Tag f\u00fcr Tag auf...\" \/>\n<meta property=\"og:url\" content=\"https:\/\/chateau-visz.com\/de\/gourmet-restaurant\/\" \/>\n<meta property=\"og:site_name\" content=\"ChateauVisz\" \/>\n<meta property=\"article:modified_time\" content=\"2024-03-20T14:29:52+00:00\" \/>\n<meta property=\"og:image\" content=\"https:\/\/chateau-visz.com\/wp-content\/uploads\/2024\/03\/chateauvisz-galeria-teritek-1-scaled.jpg\" \/>\n\t<meta property=\"og:image:width\" content=\"2560\" \/>\n\t<meta property=\"og:image:height\" content=\"1707\" \/>\n\t<meta property=\"og:image:type\" content=\"image\/jpeg\" \/>\n<meta name=\"twitter:card\" content=\"summary_large_image\" \/>\n<meta name=\"twitter:label1\" content=\"Est. reading time\" \/>\n\t<meta name=\"twitter:data1\" content=\"2 minutes\" \/>\n<script type=\"application\/ld+json\" class=\"yoast-schema-graph\">{\"@context\":\"https:\/\/schema.org\",\"@graph\":[{\"@type\":\"WebPage\",\"@id\":\"https:\/\/chateau-visz.com\/de\/gourmet-restaurant\/\",\"url\":\"https:\/\/chateau-visz.com\/de\/gourmet-restaurant\/\",\"name\":\"Gourmet Restaurant - ChateauVisz\",\"isPartOf\":{\"@id\":\"https:\/\/chateau-visz.com\/#website\"},\"primaryImageOfPage\":{\"@id\":\"https:\/\/chateau-visz.com\/de\/gourmet-restaurant\/#primaryimage\"},\"image\":{\"@id\":\"https:\/\/chateau-visz.com\/de\/gourmet-restaurant\/#primaryimage\"},\"thumbnailUrl\":\"https:\/\/chateau-visz.com\/wp-content\/uploads\/2024\/03\/chateauvisz-galeria-teritek-1-scaled.jpg\",\"datePublished\":\"2024-03-14T22:05:44+00:00\",\"dateModified\":\"2024-03-20T14:29:52+00:00\",\"inLanguage\":\"de-DE\",\"potentialAction\":[{\"@type\":\"ReadAction\",\"target\":[\"https:\/\/chateau-visz.com\/de\/gourmet-restaurant\/\"]}]},{\"@type\":\"ImageObject\",\"inLanguage\":\"de-DE\",\"@id\":\"https:\/\/chateau-visz.com\/de\/gourmet-restaurant\/#primaryimage\",\"url\":\"https:\/\/chateau-visz.com\/wp-content\/uploads\/2024\/03\/chateauvisz-galeria-teritek-1-scaled.jpg\",\"contentUrl\":\"https:\/\/chateau-visz.com\/wp-content\/uploads\/2024\/03\/chateauvisz-galeria-teritek-1-scaled.jpg\",\"width\":2560,\"height\":1707},{\"@type\":\"WebSite\",\"@id\":\"https:\/\/chateau-visz.com\/#website\",\"url\":\"https:\/\/chateau-visz.com\/\",\"name\":\"ChateauVisz\",\"description\":\"\",\"potentialAction\":[{\"@type\":\"SearchAction\",\"target\":{\"@type\":\"EntryPoint\",\"urlTemplate\":\"https:\/\/chateau-visz.com\/?s={search_term_string}\"},\"query-input\":{\"@type\":\"PropertyValueSpecification\",\"valueRequired\":true,\"valueName\":\"search_term_string\"}}],\"inLanguage\":\"de-DE\"}]}<\/script>\n<!-- \/ Yoast SEO plugin. -->","yoast_head_json":{"title":"Gourmet Restaurant - ChateauVisz","robots":{"index":"index","follow":"follow","max-snippet":"max-snippet:-1","max-image-preview":"max-image-preview:large","max-video-preview":"max-video-preview:-1"},"canonical":"https:\/\/chateau-visz.com\/de\/gourmet-restaurant\/","og_locale":"de_DE","og_type":"article","og_title":"Gourmet Restaurant - ChateauVisz","og_description":"Die Kochkunst des Meisterkochs der Gourmet K\u00fcche des Schlosshotels,die K\u00fcchenchef fasziniert seit Jahren die Liebhaber der Kulinaria. Er plant seine Men\u00fcs als Kunstwerke: in seine kulinarischen Sch\u00f6pfungen spielt all das, was wir schmecken, riechen, sehen und h\u00f6ren, eine gro\u00dfe Rolle. Er l\u00e4\u00dft sich von der traditionellen ungarischen K\u00fcche inspirieren und l\u00e4dt Tag f\u00fcr Tag auf...","og_url":"https:\/\/chateau-visz.com\/de\/gourmet-restaurant\/","og_site_name":"ChateauVisz","article_modified_time":"2024-03-20T14:29:52+00:00","og_image":[{"width":2560,"height":1707,"url":"https:\/\/chateau-visz.com\/wp-content\/uploads\/2024\/03\/chateauvisz-galeria-teritek-1-scaled.jpg","type":"image\/jpeg"}],"twitter_card":"summary_large_image","twitter_misc":{"Est. reading time":"2 minutes"},"schema":{"@context":"https:\/\/schema.org","@graph":[{"@type":"WebPage","@id":"https:\/\/chateau-visz.com\/de\/gourmet-restaurant\/","url":"https:\/\/chateau-visz.com\/de\/gourmet-restaurant\/","name":"Gourmet Restaurant - ChateauVisz","isPartOf":{"@id":"https:\/\/chateau-visz.com\/#website"},"primaryImageOfPage":{"@id":"https:\/\/chateau-visz.com\/de\/gourmet-restaurant\/#primaryimage"},"image":{"@id":"https:\/\/chateau-visz.com\/de\/gourmet-restaurant\/#primaryimage"},"thumbnailUrl":"https:\/\/chateau-visz.com\/wp-content\/uploads\/2024\/03\/chateauvisz-galeria-teritek-1-scaled.jpg","datePublished":"2024-03-14T22:05:44+00:00","dateModified":"2024-03-20T14:29:52+00:00","inLanguage":"de-DE","potentialAction":[{"@type":"ReadAction","target":["https:\/\/chateau-visz.com\/de\/gourmet-restaurant\/"]}]},{"@type":"ImageObject","inLanguage":"de-DE","@id":"https:\/\/chateau-visz.com\/de\/gourmet-restaurant\/#primaryimage","url":"https:\/\/chateau-visz.com\/wp-content\/uploads\/2024\/03\/chateauvisz-galeria-teritek-1-scaled.jpg","contentUrl":"https:\/\/chateau-visz.com\/wp-content\/uploads\/2024\/03\/chateauvisz-galeria-teritek-1-scaled.jpg","width":2560,"height":1707},{"@type":"WebSite","@id":"https:\/\/chateau-visz.com\/#website","url":"https:\/\/chateau-visz.com\/","name":"ChateauVisz","description":"","potentialAction":[{"@type":"SearchAction","target":{"@type":"EntryPoint","urlTemplate":"https:\/\/chateau-visz.com\/?s={search_term_string}"},"query-input":{"@type":"PropertyValueSpecification","valueRequired":true,"valueName":"search_term_string"}}],"inLanguage":"de-DE"}]}},"_links":{"self":[{"href":"https:\/\/chateau-visz.com\/de\/wp-json\/wp\/v2\/pages\/208","targetHints":{"allow":["GET"]}}],"collection":[{"href":"https:\/\/chateau-visz.com\/de\/wp-json\/wp\/v2\/pages"}],"about":[{"href":"https:\/\/chateau-visz.com\/de\/wp-json\/wp\/v2\/types\/page"}],"author":[{"embeddable":true,"href":"https:\/\/chateau-visz.com\/de\/wp-json\/wp\/v2\/users\/1"}],"replies":[{"embeddable":true,"href":"https:\/\/chateau-visz.com\/de\/wp-json\/wp\/v2\/comments?post=208"}],"version-history":[{"count":0,"href":"https:\/\/chateau-visz.com\/de\/wp-json\/wp\/v2\/pages\/208\/revisions"}],"wp:featuredmedia":[{"embeddable":true,"href":"https:\/\/chateau-visz.com\/de\/wp-json\/wp\/v2\/media\/141"}],"wp:attachment":[{"href":"https:\/\/chateau-visz.com\/de\/wp-json\/wp\/v2\/media?parent=208"}],"curies":[{"name":"wp","href":"https:\/\/api.w.org\/{rel}","templated":true}]}}