{"id":374,"date":"2024-03-13T21:48:00","date_gmt":"2024-03-13T20:48:00","guid":{"rendered":"https:\/\/chateau-visz.com\/adatkezelesi-tajekoztato\/"},"modified":"2024-03-27T15:46:06","modified_gmt":"2024-03-27T14:46:06","slug":"datenschutzrichtlinie","status":"publish","type":"page","link":"https:\/\/chateau-visz.com\/de\/datenschutzrichtlinie\/","title":{"rendered":"Datenschutzrichtlinie"},"content":{"rendered":"\r\n<h2 class=\"wp-block-heading\">Datenschutzrichtlinie<\/h2>\r\n<h3>1. Einleitung<\/h3>\r\n<p>Bitte lesen Sie diese Datenverwaltungsinformationen sorgf\u00e4ltig durch, die Informationen \u00fcber personenbezogene Daten enthalten, die von Kilgore \u00e9s Kilgore Kft (im Folgenden: \u201eDienstleister\u201c) erfasst, verwaltet und gespeichert werden. Bei der Datenverwaltung halten wir uns an die in Ungarn geltenden Datenschutzgesetze, einschlie\u00dflich der Datenschutz-Grundverordnung (DSGVO) der Europ\u00e4ischen Union.<\/p>\r\n<h3>2. Datenverantwortlicher<\/h3>\r\n<p>Name des Datenverantwortlichen: Kilgore \u00e9s Kilgore Kft. Hauptsitz: 1023. Budapest, Apostol utca 7\/a Kontaktadresse: 8683. Somogyt\u00far, Berencsepuszta E-Mail-Adresse:\u00a0<a href=\"mailto:info@chateau-visz.com\" target=\"_blank\" rel=\"noopener\">info@chateau-visz.com<\/a> Telefonnummer: 0685710003<\/p>\r\n<h3>3. Erhebung und Nutzung personenbezogener Daten<\/h3>\r\n<p>Der Dienstanbieter kann w\u00e4hrend Ihres Besuchs auf unserer Website bestimmte personenbezogene Daten von Ihnen erfassen. Zu diesen Daten k\u00f6nnen beispielsweise geh\u00f6ren:<\/p>\r\n<p>Name<br \/>E-Mail-Adresse<br \/>Telefonnummer<br \/>Adresse<br \/>Weitere Kontaktinformationen<br \/>Wir verwenden diese Daten ausschlie\u00dflich f\u00fcr folgende Zwecke:<\/p>\r\n<p>Bereitstellung der von Ihnen angeforderten Dienstleistungen<br \/>Versenden eines Newsletters (sofern Sie diesen abonnieren)<br \/>Ich kontaktiere Sie<\/p>\r\n<h3>4. Datenweitergabe an Dritte<\/h3>\r\n<p>Wir geben Ihre personenbezogenen Daten nicht an Dritte weiter, es sei denn, es besteht eine gesetzliche Verpflichtung oder die Weitergabe der Daten ist zur Erbringung unserer Leistungen erforderlich.<\/p>\r\n<h3>5. Datensicherheit<\/h3>\r\n<p>Der Dienstleister ergreift alle erforderlichen Ma\u00dfnahmen, um Ihre personenbezogenen Daten vor unbefugtem Zugriff, Verlust, Verwendung oder Ver\u00e4nderung zu sch\u00fctzen.<\/p>\r\n<h3>6. Zugriff, \u00c4nderung, L\u00f6schung<\/h3>\r\n<p>Gem\u00e4\u00df den Datenschutzgesetzen haben Sie das Recht auf Zugriff, \u00c4nderung oder L\u00f6schung Ihrer personenbezogenen Daten. Wenn Sie dies tun m\u00f6chten, kontaktieren Sie uns bitte \u00fcber eine der hier angegebenen Kontaktdaten.<\/p>\r\n<h3>7. Cookies<\/h3>\r\n<p>Die Website des Dienstanbieters verwendet m\u00f6glicherweise Cookies, um Pr\u00e4ferenzen und Einstellungen im Zusammenhang mit den in Ihrem Browser gespeicherten Informationen zu notieren. Wir verwenden diese Cookies ausschlie\u00dflich zu statistischen Zwecken und zur Verbesserung des Benutzererlebnisses unserer Website.<\/p>\r\n<h3>8. Datenschutzrechte und Beschwerdebearbeitung<\/h3>\r\n<p>Wenn Sie Fragen oder Beschwerden zur Datenverwaltung haben, kontaktieren Sie uns bitte unter den hier angegebenen Kontaktdaten. Sie haben au\u00dferdem das Recht, eine Beschwerde bei der Datenschutzbeh\u00f6rde einzureichen.<\/p>\r\n<h3>9. \u00c4nderungen der Datenverwaltungsinformationen<\/h3>\r\n<p>Der Dienstanbieter beh\u00e4lt sich das Recht vor, diese Datenverwaltungsinformationen zu \u00e4ndern oder zu aktualisieren. Ge\u00e4nderte Versionen werden auf der Website verf\u00fcgbar sein.<\/p>\r\n<p>Datum der letzten Aktualisierung: 27.03.2024<\/p>\r\n","protected":false},"excerpt":{"rendered":"Datenschutzrichtlinie 1. Einleitung Bitte lesen Sie diese Datenverwaltungsinformationen sorgf\u00e4ltig durch, die Informationen \u00fcber personenbezogene Daten enthalten, die von Kilgore \u00e9s Kilgore Kft (im Folgenden: \u201eDienstleister\u201c) erfasst, verwaltet und gespeichert werden. Bei der Datenverwaltung halten wir uns an die in Ungarn geltenden Datenschutzgesetze, einschlie\u00dflich der Datenschutz-Grundverordnung (DSGVO) der Europ\u00e4ischen Union. 2. Datenverantwortlicher Name des Datenverantwortlichen: Kilgore&#8230;","protected":false},"author":1,"featured_media":0,"parent":0,"menu_order":0,"comment_status":"closed","ping_status":"closed","template":"","meta":{"_acf_changed":false,"footnotes":""},"class_list":["post-374","page","type-page","status-publish","hentry"],"acf":[],"yoast_head":"<!-- This site is optimized with the Yoast SEO plugin v24.9 - https:\/\/yoast.com\/wordpress\/plugins\/seo\/ -->\n<title>Datenschutzrichtlinie - ChateauVisz<\/title>\n<meta name=\"robots\" content=\"index, follow, max-snippet:-1, max-image-preview:large, max-video-preview:-1\" \/>\n<link rel=\"canonical\" href=\"https:\/\/chateau-visz.com\/de\/datenschutzrichtlinie\/\" \/>\n<meta property=\"og:locale\" content=\"de_DE\" \/>\n<meta property=\"og:type\" content=\"article\" \/>\n<meta property=\"og:title\" content=\"Datenschutzrichtlinie - ChateauVisz\" \/>\n<meta property=\"og:description\" content=\"Datenschutzrichtlinie 1. Einleitung Bitte lesen Sie diese Datenverwaltungsinformationen sorgf\u00e4ltig durch, die Informationen \u00fcber personenbezogene Daten enthalten, die von Kilgore \u00e9s Kilgore Kft (im Folgenden: \u201eDienstleister\u201c) erfasst, verwaltet und gespeichert werden. Bei der Datenverwaltung halten wir uns an die in Ungarn geltenden Datenschutzgesetze, einschlie\u00dflich der Datenschutz-Grundverordnung (DSGVO) der Europ\u00e4ischen Union. 2. Datenverantwortlicher Name des Datenverantwortlichen: Kilgore...\" \/>\n<meta property=\"og:url\" content=\"https:\/\/chateau-visz.com\/de\/datenschutzrichtlinie\/\" \/>\n<meta property=\"og:site_name\" content=\"ChateauVisz\" \/>\n<meta property=\"article:modified_time\" content=\"2024-03-27T14:46:06+00:00\" \/>\n<meta name=\"twitter:card\" content=\"summary_large_image\" \/>\n<meta name=\"twitter:label1\" content=\"Est. reading time\" \/>\n\t<meta name=\"twitter:data1\" content=\"2 minutes\" \/>\n<script type=\"application\/ld+json\" class=\"yoast-schema-graph\">{\"@context\":\"https:\/\/schema.org\",\"@graph\":[{\"@type\":\"WebPage\",\"@id\":\"https:\/\/chateau-visz.com\/de\/datenschutzrichtlinie\/\",\"url\":\"https:\/\/chateau-visz.com\/de\/datenschutzrichtlinie\/\",\"name\":\"Datenschutzrichtlinie - ChateauVisz\",\"isPartOf\":{\"@id\":\"https:\/\/chateau-visz.com\/#website\"},\"datePublished\":\"2024-03-13T20:48:00+00:00\",\"dateModified\":\"2024-03-27T14:46:06+00:00\",\"inLanguage\":\"de-DE\",\"potentialAction\":[{\"@type\":\"ReadAction\",\"target\":[\"https:\/\/chateau-visz.com\/de\/datenschutzrichtlinie\/\"]}]},{\"@type\":\"WebSite\",\"@id\":\"https:\/\/chateau-visz.com\/#website\",\"url\":\"https:\/\/chateau-visz.com\/\",\"name\":\"ChateauVisz\",\"description\":\"\",\"potentialAction\":[{\"@type\":\"SearchAction\",\"target\":{\"@type\":\"EntryPoint\",\"urlTemplate\":\"https:\/\/chateau-visz.com\/?s={search_term_string}\"},\"query-input\":{\"@type\":\"PropertyValueSpecification\",\"valueRequired\":true,\"valueName\":\"search_term_string\"}}],\"inLanguage\":\"de-DE\"}]}<\/script>\n<!-- \/ Yoast SEO plugin. -->","yoast_head_json":{"title":"Datenschutzrichtlinie - ChateauVisz","robots":{"index":"index","follow":"follow","max-snippet":"max-snippet:-1","max-image-preview":"max-image-preview:large","max-video-preview":"max-video-preview:-1"},"canonical":"https:\/\/chateau-visz.com\/de\/datenschutzrichtlinie\/","og_locale":"de_DE","og_type":"article","og_title":"Datenschutzrichtlinie - ChateauVisz","og_description":"Datenschutzrichtlinie 1. Einleitung Bitte lesen Sie diese Datenverwaltungsinformationen sorgf\u00e4ltig durch, die Informationen \u00fcber personenbezogene Daten enthalten, die von Kilgore \u00e9s Kilgore Kft (im Folgenden: \u201eDienstleister\u201c) erfasst, verwaltet und gespeichert werden. Bei der Datenverwaltung halten wir uns an die in Ungarn geltenden Datenschutzgesetze, einschlie\u00dflich der Datenschutz-Grundverordnung (DSGVO) der Europ\u00e4ischen Union. 2. Datenverantwortlicher Name des Datenverantwortlichen: Kilgore...","og_url":"https:\/\/chateau-visz.com\/de\/datenschutzrichtlinie\/","og_site_name":"ChateauVisz","article_modified_time":"2024-03-27T14:46:06+00:00","twitter_card":"summary_large_image","twitter_misc":{"Est. reading time":"2 minutes"},"schema":{"@context":"https:\/\/schema.org","@graph":[{"@type":"WebPage","@id":"https:\/\/chateau-visz.com\/de\/datenschutzrichtlinie\/","url":"https:\/\/chateau-visz.com\/de\/datenschutzrichtlinie\/","name":"Datenschutzrichtlinie - ChateauVisz","isPartOf":{"@id":"https:\/\/chateau-visz.com\/#website"},"datePublished":"2024-03-13T20:48:00+00:00","dateModified":"2024-03-27T14:46:06+00:00","inLanguage":"de-DE","potentialAction":[{"@type":"ReadAction","target":["https:\/\/chateau-visz.com\/de\/datenschutzrichtlinie\/"]}]},{"@type":"WebSite","@id":"https:\/\/chateau-visz.com\/#website","url":"https:\/\/chateau-visz.com\/","name":"ChateauVisz","description":"","potentialAction":[{"@type":"SearchAction","target":{"@type":"EntryPoint","urlTemplate":"https:\/\/chateau-visz.com\/?s={search_term_string}"},"query-input":{"@type":"PropertyValueSpecification","valueRequired":true,"valueName":"search_term_string"}}],"inLanguage":"de-DE"}]}},"_links":{"self":[{"href":"https:\/\/chateau-visz.com\/de\/wp-json\/wp\/v2\/pages\/374","targetHints":{"allow":["GET"]}}],"collection":[{"href":"https:\/\/chateau-visz.com\/de\/wp-json\/wp\/v2\/pages"}],"about":[{"href":"https:\/\/chateau-visz.com\/de\/wp-json\/wp\/v2\/types\/page"}],"author":[{"embeddable":true,"href":"https:\/\/chateau-visz.com\/de\/wp-json\/wp\/v2\/users\/1"}],"replies":[{"embeddable":true,"href":"https:\/\/chateau-visz.com\/de\/wp-json\/wp\/v2\/comments?post=374"}],"version-history":[{"count":0,"href":"https:\/\/chateau-visz.com\/de\/wp-json\/wp\/v2\/pages\/374\/revisions"}],"wp:attachment":[{"href":"https:\/\/chateau-visz.com\/de\/wp-json\/wp\/v2\/media?parent=374"}],"curies":[{"name":"wp","href":"https:\/\/api.w.org\/{rel}","templated":true}]}}